{"id":11,"date":"2018-06-19T00:04:41","date_gmt":"2018-06-18T22:04:41","guid":{"rendered":"https:\/\/peinture-dufermont.fr\/?page_id=11"},"modified":"2022-12-15T19:36:30","modified_gmt":"2022-12-15T18:36:30","slug":"une-section-de-page-daccueil","status":"publish","type":"page","link":"https:\/\/peinture-dufermont.fr\/","title":{"rendered":"Olivier Dufermont Peintre et d\u00e9corateur en r\u00e9gion lilloise"},"content":{"rendered":"<p>Olivier Dufermont Peintre et d\u00e9corateur en r\u00e9gion lilloise, l&rsquo;entreprise Peinture Dufermont d\u00e9core votre Maison ou appartement. Nous r\u00e9alisons vos peintures int\u00e9rieures, et toute votre pose de rev\u00eatements (sols et m\u00fbrs) : parquet, papier peint&#8230;<\/p>\n","protected":false},"excerpt":{"rendered":"<p>Olivier Dufermont Peintre et d\u00e9corateur en r\u00e9gion lilloise, l&rsquo;entreprise Peinture Dufermont d\u00e9core votre Maison ou appartement. Nous r\u00e9alisons vos peintures int\u00e9rieures, et toute votre pose de rev\u00eatements (sols et m\u00fbrs) : parquet, papier peint&#8230;<\/p>\n","protected":false},"author":1,"featured_media":383,"parent":0,"menu_order":0,"comment_status":"closed","ping_status":"closed","template":"","meta":{"footnotes":""},"class_list":["post-11","page","type-page","status-publish","has-post-thumbnail","hentry"],"yoast_head":"<!-- This site is optimized with the Yoast SEO plugin v19.12 - https:\/\/yoast.com\/wordpress\/plugins\/seo\/ -->\n<title>Olivier Dufermont Peintre et d\u00e9corateur en r\u00e9gion lilloise - Peinture Dufermont Maitre Artisan peintre en b\u00e2timent et D\u00e9coration........... Tel : 03 20 00 73 73<\/title>\n<meta name=\"robots\" content=\"index, follow, max-snippet:-1, max-image-preview:large, max-video-preview:-1\" \/>\n<link rel=\"canonical\" href=\"https:\/\/peinture-dufermont.fr\/\" \/>\n<meta property=\"og:locale\" content=\"fr_FR\" \/>\n<meta property=\"og:type\" content=\"article\" \/>\n<meta property=\"og:title\" content=\"Olivier Dufermont Peintre et d\u00e9corateur en r\u00e9gion lilloise - Peinture Dufermont Maitre Artisan peintre en b\u00e2timent et D\u00e9coration........... Tel : 03 20 00 73 73\" \/>\n<meta property=\"og:description\" content=\"Olivier Dufermont Peintre et d\u00e9corateur en r\u00e9gion lilloise, l&rsquo;entreprise Peinture Dufermont d\u00e9core votre Maison ou appartement. Nous r\u00e9alisons vos peintures int\u00e9rieures, et toute votre pose de rev\u00eatements (sols et m\u00fbrs) : parquet, papier peint&#8230;\" \/>\n<meta property=\"og:url\" content=\"https:\/\/peinture-dufermont.fr\/\" \/>\n<meta property=\"og:site_name\" content=\"Peinture Dufermont Maitre Artisan peintre en b\u00e2timent et D\u00e9coration........... Tel : 03 20 00 73 73\" \/>\n<meta property=\"article:publisher\" content=\"https:\/\/fr-fr.facebook.com\/peinture.dufermont\/\" \/>\n<meta property=\"article:modified_time\" content=\"2022-12-15T18:36:30+00:00\" \/>\n<meta property=\"og:image\" content=\"https:\/\/peinture-dufermont.fr\/wp-content\/uploads\/2022\/12\/20220522_191542-2-scaled-e1671129375419.jpg\" \/>\n\t<meta property=\"og:image:width\" content=\"1920\" \/>\n\t<meta property=\"og:image:height\" content=\"1676\" \/>\n\t<meta property=\"og:image:type\" content=\"image\/jpeg\" \/>\n<meta name=\"twitter:card\" content=\"summary_large_image\" \/>\n<script type=\"application\/ld+json\" class=\"yoast-schema-graph\">{\"@context\":\"https:\/\/schema.org\",\"@graph\":[{\"@type\":\"WebPage\",\"@id\":\"https:\/\/peinture-dufermont.fr\/\",\"url\":\"https:\/\/peinture-dufermont.fr\/\",\"name\":\"Olivier Dufermont Peintre et d\u00e9corateur en r\u00e9gion lilloise - Peinture Dufermont Maitre Artisan peintre en b\u00e2timent et D\u00e9coration........... Tel : 03 20 00 73 73\",\"isPartOf\":{\"@id\":\"https:\/\/peinture-dufermont.fr\/#website\"},\"datePublished\":\"2018-06-18T22:04:41+00:00\",\"dateModified\":\"2022-12-15T18:36:30+00:00\",\"breadcrumb\":{\"@id\":\"https:\/\/peinture-dufermont.fr\/#breadcrumb\"},\"inLanguage\":\"fr-FR\",\"potentialAction\":[{\"@type\":\"ReadAction\",\"target\":[\"https:\/\/peinture-dufermont.fr\/\"]}]},{\"@type\":\"BreadcrumbList\",\"@id\":\"https:\/\/peinture-dufermont.fr\/#breadcrumb\",\"itemListElement\":[{\"@type\":\"ListItem\",\"position\":1,\"name\":\"Accueil\",\"item\":\"https:\/\/peinture-dufermont.fr\/\"},{\"@type\":\"ListItem\",\"position\":2,\"name\":\"Olivier Dufermont Peintre et d\u00e9corateur en r\u00e9gion lilloise\"}]},{\"@type\":\"WebSite\",\"@id\":\"https:\/\/peinture-dufermont.fr\/#website\",\"url\":\"https:\/\/peinture-dufermont.fr\/\",\"name\":\"Peinture Dufermont Maitre Artisan peintre en b\u00e2timent et D\u00e9coration........... Tel : 03 20 00 73 73\",\"description\":\"Peintre en b\u00e2timent et d\u00e9corateur en r\u00e9gion lilloise, l&#039;entreprise dufermont d\u00e9core votre Maison ou appartement. Nous r\u00e9alisons vos peintures int\u00e9rieures, et toute votre pose de rev\u00eatements (sols et m\u00fbrs) FACADE... Devis Gratuits.\",\"publisher\":{\"@id\":\"https:\/\/peinture-dufermont.fr\/#organization\"},\"potentialAction\":[{\"@type\":\"SearchAction\",\"target\":{\"@type\":\"EntryPoint\",\"urlTemplate\":\"https:\/\/peinture-dufermont.fr\/?s={search_term_string}\"},\"query-input\":\"required name=search_term_string\"}],\"inLanguage\":\"fr-FR\"},{\"@type\":\"Organization\",\"@id\":\"https:\/\/peinture-dufermont.fr\/#organization\",\"name\":\"Peinture Dufermont Maitre Artisan peintre en b\u00e2timent et D\u00e9coration........... Tel : 03 20 00 73 73\",\"url\":\"https:\/\/peinture-dufermont.fr\/\",\"logo\":{\"@type\":\"ImageObject\",\"inLanguage\":\"fr-FR\",\"@id\":\"https:\/\/peinture-dufermont.fr\/#\/schema\/logo\/image\/\",\"url\":\"https:\/\/peinture-dufermont.fr\/wp-content\/uploads\/2022\/12\/20200829_105019-rotated.jpg\",\"contentUrl\":\"https:\/\/peinture-dufermont.fr\/wp-content\/uploads\/2022\/12\/20200829_105019-rotated.jpg\",\"width\":2160,\"height\":2160,\"caption\":\"Peinture Dufermont Maitre Artisan peintre en b\u00e2timent et D\u00e9coration........... Tel : 03 20 00 73 73\"},\"image\":{\"@id\":\"https:\/\/peinture-dufermont.fr\/#\/schema\/logo\/image\/\"},\"sameAs\":[\"https:\/\/fr-fr.facebook.com\/peinture.dufermont\/\"]}]}<\/script>\n<!-- \/ Yoast SEO plugin. -->","yoast_head_json":{"title":"Olivier Dufermont Peintre et d\u00e9corateur en r\u00e9gion lilloise - Peinture Dufermont Maitre Artisan peintre en b\u00e2timent et D\u00e9coration........... Tel : 03 20 00 73 73","robots":{"index":"index","follow":"follow","max-snippet":"max-snippet:-1","max-image-preview":"max-image-preview:large","max-video-preview":"max-video-preview:-1"},"canonical":"https:\/\/peinture-dufermont.fr\/","og_locale":"fr_FR","og_type":"article","og_title":"Olivier Dufermont Peintre et d\u00e9corateur en r\u00e9gion lilloise - Peinture Dufermont Maitre Artisan peintre en b\u00e2timent et D\u00e9coration........... Tel : 03 20 00 73 73","og_description":"Olivier Dufermont Peintre et d\u00e9corateur en r\u00e9gion lilloise, l&rsquo;entreprise Peinture Dufermont d\u00e9core votre Maison ou appartement. Nous r\u00e9alisons vos peintures int\u00e9rieures, et toute votre pose de rev\u00eatements (sols et m\u00fbrs) : parquet, papier peint&#8230;","og_url":"https:\/\/peinture-dufermont.fr\/","og_site_name":"Peinture Dufermont Maitre Artisan peintre en b\u00e2timent et D\u00e9coration........... Tel : 03 20 00 73 73","article_publisher":"https:\/\/fr-fr.facebook.com\/peinture.dufermont\/","article_modified_time":"2022-12-15T18:36:30+00:00","og_image":[{"width":1920,"height":1676,"url":"https:\/\/peinture-dufermont.fr\/wp-content\/uploads\/2022\/12\/20220522_191542-2-scaled-e1671129375419.jpg","type":"image\/jpeg"}],"twitter_card":"summary_large_image","schema":{"@context":"https:\/\/schema.org","@graph":[{"@type":"WebPage","@id":"https:\/\/peinture-dufermont.fr\/","url":"https:\/\/peinture-dufermont.fr\/","name":"Olivier Dufermont Peintre et d\u00e9corateur en r\u00e9gion lilloise - Peinture Dufermont Maitre Artisan peintre en b\u00e2timent et D\u00e9coration........... Tel : 03 20 00 73 73","isPartOf":{"@id":"https:\/\/peinture-dufermont.fr\/#website"},"datePublished":"2018-06-18T22:04:41+00:00","dateModified":"2022-12-15T18:36:30+00:00","breadcrumb":{"@id":"https:\/\/peinture-dufermont.fr\/#breadcrumb"},"inLanguage":"fr-FR","potentialAction":[{"@type":"ReadAction","target":["https:\/\/peinture-dufermont.fr\/"]}]},{"@type":"BreadcrumbList","@id":"https:\/\/peinture-dufermont.fr\/#breadcrumb","itemListElement":[{"@type":"ListItem","position":1,"name":"Accueil","item":"https:\/\/peinture-dufermont.fr\/"},{"@type":"ListItem","position":2,"name":"Olivier Dufermont Peintre et d\u00e9corateur en r\u00e9gion lilloise"}]},{"@type":"WebSite","@id":"https:\/\/peinture-dufermont.fr\/#website","url":"https:\/\/peinture-dufermont.fr\/","name":"Peinture Dufermont Maitre Artisan peintre en b\u00e2timent et D\u00e9coration........... Tel : 03 20 00 73 73","description":"Peintre en b\u00e2timent et d\u00e9corateur en r\u00e9gion lilloise, l&#039;entreprise dufermont d\u00e9core votre Maison ou appartement. Nous r\u00e9alisons vos peintures int\u00e9rieures, et toute votre pose de rev\u00eatements (sols et m\u00fbrs) FACADE... Devis Gratuits.","publisher":{"@id":"https:\/\/peinture-dufermont.fr\/#organization"},"potentialAction":[{"@type":"SearchAction","target":{"@type":"EntryPoint","urlTemplate":"https:\/\/peinture-dufermont.fr\/?s={search_term_string}"},"query-input":"required name=search_term_string"}],"inLanguage":"fr-FR"},{"@type":"Organization","@id":"https:\/\/peinture-dufermont.fr\/#organization","name":"Peinture Dufermont Maitre Artisan peintre en b\u00e2timent et D\u00e9coration........... Tel : 03 20 00 73 73","url":"https:\/\/peinture-dufermont.fr\/","logo":{"@type":"ImageObject","inLanguage":"fr-FR","@id":"https:\/\/peinture-dufermont.fr\/#\/schema\/logo\/image\/","url":"https:\/\/peinture-dufermont.fr\/wp-content\/uploads\/2022\/12\/20200829_105019-rotated.jpg","contentUrl":"https:\/\/peinture-dufermont.fr\/wp-content\/uploads\/2022\/12\/20200829_105019-rotated.jpg","width":2160,"height":2160,"caption":"Peinture Dufermont Maitre Artisan peintre en b\u00e2timent et D\u00e9coration........... Tel : 03 20 00 73 73"},"image":{"@id":"https:\/\/peinture-dufermont.fr\/#\/schema\/logo\/image\/"},"sameAs":["https:\/\/fr-fr.facebook.com\/peinture.dufermont\/"]}]}},"_links":{"self":[{"href":"https:\/\/peinture-dufermont.fr\/index.php\/wp-json\/wp\/v2\/pages\/11","targetHints":{"allow":["GET"]}}],"collection":[{"href":"https:\/\/peinture-dufermont.fr\/index.php\/wp-json\/wp\/v2\/pages"}],"about":[{"href":"https:\/\/peinture-dufermont.fr\/index.php\/wp-json\/wp\/v2\/types\/page"}],"author":[{"embeddable":true,"href":"https:\/\/peinture-dufermont.fr\/index.php\/wp-json\/wp\/v2\/users\/1"}],"replies":[{"embeddable":true,"href":"https:\/\/peinture-dufermont.fr\/index.php\/wp-json\/wp\/v2\/comments?post=11"}],"version-history":[{"count":3,"href":"https:\/\/peinture-dufermont.fr\/index.php\/wp-json\/wp\/v2\/pages\/11\/revisions"}],"predecessor-version":[{"id":284,"href":"https:\/\/peinture-dufermont.fr\/index.php\/wp-json\/wp\/v2\/pages\/11\/revisions\/284"}],"wp:featuredmedia":[{"embeddable":true,"href":"https:\/\/peinture-dufermont.fr\/index.php\/wp-json\/wp\/v2\/media\/383"}],"wp:attachment":[{"href":"https:\/\/peinture-dufermont.fr\/index.php\/wp-json\/wp\/v2\/media?parent=11"}],"curies":[{"name":"wp","href":"https:\/\/api.w.org\/{rel}","templated":true}]}}